{"id":17,"date":"2023-09-18T10:30:24","date_gmt":"2023-09-18T08:30:24","guid":{"rendered":"http:\/\/geodeta-krakow.com.pl\/?page_id=17"},"modified":"2024-03-03T17:02:02","modified_gmt":"2024-03-03T16:02:02","slug":"specjalnosc-firmy","status":"publish","type":"page","link":"https:\/\/geodeta-krakow.com.pl\/index.php\/specjalnosc-firmy\/","title":{"rendered":"Specjalno\u015b\u0107 firmy"},"content":{"rendered":"<h1 class=\"western\"><span style=\"color: #000080;\">Specjalno\u015b\u0107 firmy<\/span><\/h1>\n<p><span style=\"color: #000000;\">\u2013 <b>rozgraniczenia nieruchomo\u015bci \u2013 zar\u00f3wno ugodowe jak i sporne<\/b><\/span><\/p>\n<p><span style=\"color: #000000;\">\u2013 <b>ustalenia granic ewidencyjnych (z korekt\u0105 b\u0142\u0119d\u00f3w na urz\u0119dowych mapach)<\/b><\/span><\/p>\n<p><span style=\"color: #000000;\">\u2013 <b>wyznaczenia w terenie punkt\u00f3w granicznych, wznowienia znak\u00f3w granicznych<\/b><\/span><\/p>\n<p><span style=\"color: #000000;\">\u2013 <b>podzia\u0142y nieruchomo\u015bci<\/b><\/span><\/p>\n<p><span style=\"color: #000000;\">\u2013 <b>s\u0105dowe zniesienia wsp\u00f3\u0142w\u0142asno\u015bci przez podzia\u0142 nieruchomo\u015bci<\/b><\/span><\/p>\n<p><span style=\"color: #000000;\">\u2013 <b>projekty s\u0142u\u017cebno\u015bci dojazdu, w tym tzw. drogi koniecznej ustanawianej przez s\u0105d<\/b><\/span><\/p>\n<p><span style=\"color: #000000;\">\u2013 <b>wydzielenia dzia\u0142ek drogowych jako dojazdu do dzia\u0142ek<\/b><\/span><\/p>\n<p><span style=\"color: #000000;\">\u2013 <b>podzia\u0142y pod s\u0105dowe stwierdzenie zasiedzenia nieruchomo\u015bci<\/b><\/span><\/p>\n<p><span style=\"color: #000000;\">\u2013 <b>wykazy synchronizacyjne do sprostowania numer\u00f3w i powierzchni dzia\u0142ek w ksi\u0119gach wieczystych<\/b><\/span><\/p>\n<p><span style=\"color: #000000;\">\u2013 <b>opinie geodezyjno-prawne<\/b><\/span><\/p>\n","protected":false},"excerpt":{"rendered":"<p>Specjalno\u015b\u0107 firmy \u2013 rozgraniczenia nieruchomo\u015bci \u2013 zar\u00f3wno ugodowe jak i sporne \u2013 ustalenia granic ewidencyjnych (z korekt\u0105 b\u0142\u0119d\u00f3w na urz\u0119dowych [&hellip;]<\/p>\n","protected":false},"author":1,"featured_media":0,"parent":0,"menu_order":1,"comment_status":"closed","ping_status":"closed","template":"","meta":{"footnotes":""},"class_list":["post-17","page","type-page","status-publish","hentry"],"aioseo_notices":[],"_links":{"self":[{"href":"https:\/\/geodeta-krakow.com.pl\/index.php\/wp-json\/wp\/v2\/pages\/17","targetHints":{"allow":["GET"]}}],"collection":[{"href":"https:\/\/geodeta-krakow.com.pl\/index.php\/wp-json\/wp\/v2\/pages"}],"about":[{"href":"https:\/\/geodeta-krakow.com.pl\/index.php\/wp-json\/wp\/v2\/types\/page"}],"author":[{"embeddable":true,"href":"https:\/\/geodeta-krakow.com.pl\/index.php\/wp-json\/wp\/v2\/users\/1"}],"replies":[{"embeddable":true,"href":"https:\/\/geodeta-krakow.com.pl\/index.php\/wp-json\/wp\/v2\/comments?post=17"}],"version-history":[{"count":2,"href":"https:\/\/geodeta-krakow.com.pl\/index.php\/wp-json\/wp\/v2\/pages\/17\/revisions"}],"predecessor-version":[{"id":39,"href":"https:\/\/geodeta-krakow.com.pl\/index.php\/wp-json\/wp\/v2\/pages\/17\/revisions\/39"}],"wp:attachment":[{"href":"https:\/\/geodeta-krakow.com.pl\/index.php\/wp-json\/wp\/v2\/media?parent=17"}],"curies":[{"name":"wp","href":"https:\/\/api.w.org\/{rel}","templated":true}]}}