{"id":21,"date":"2023-09-18T10:31:29","date_gmt":"2023-09-18T08:31:29","guid":{"rendered":"http:\/\/geodeta-krakow.com.pl\/?page_id=21"},"modified":"2024-03-03T17:03:07","modified_gmt":"2024-03-03T16:03:07","slug":"klienci","status":"publish","type":"page","link":"https:\/\/geodeta-krakow.com.pl\/index.php\/klienci\/","title":{"rendered":"Klienci"},"content":{"rendered":"<p><span style=\"color: #000000;\"><img loading=\"lazy\" decoding=\"async\" class=\"size-full wp-image-23 aligncenter\" src=\"http:\/\/geodeta-krakow.com.pl\/wp-content\/uploads\/2023\/09\/geopot2.jpg\" alt=\"\" width=\"800\" height=\"222\" srcset=\"https:\/\/geodeta-krakow.com.pl\/wp-content\/uploads\/2023\/09\/geopot2.jpg 800w, https:\/\/geodeta-krakow.com.pl\/wp-content\/uploads\/2023\/09\/geopot2-300x83.jpg 300w, https:\/\/geodeta-krakow.com.pl\/wp-content\/uploads\/2023\/09\/geopot2-768x213.jpg 768w\" sizes=\"auto, (max-width: 800px) 100vw, 800px\" \/><\/span><\/p>\n<p>&nbsp;<\/p>\n<h3><span style=\"color: #800000;\"><em><strong>Dotychczasowi klienci firmy:<\/strong><\/em><\/span><\/h3>\n<h3><span style=\"color: #000000;\">\u2013 klienci indywidualni<\/span><\/h3>\n<h3><span style=\"color: #000000;\">\u2013 po\u015brednictwa nieruchomo\u015bci<\/span><\/h3>\n<h3><span style=\"color: #000000;\">\u2013 kancelarie adwokackie<\/span><\/h3>\n<h3><span style=\"color: #000000;\">\u2013 firmy architektoniczne i budowlane<\/span><\/h3>\n<h3><span style=\"color: #000000;\">\u2013 sp\u00f3\u0142dzielnie mieszkaniowe<\/span><\/h3>\n<h3><span style=\"color: #000000;\">\u2013 urz\u0119dy administracji rz\u0105dowej i samorz\u0105dowej<\/span><\/h3>\n<h3><span style=\"color: #000000;\">\u2013 s\u0105dy i komornicy s\u0105dowi (us\u0142ugi wykonywane jako bieg\u0142y s\u0105dowy)<\/span><\/h3>\n","protected":false},"excerpt":{"rendered":"<p>&nbsp; Dotychczasowi klienci firmy: \u2013 klienci indywidualni \u2013 po\u015brednictwa nieruchomo\u015bci \u2013 kancelarie adwokackie \u2013 firmy architektoniczne i budowlane \u2013 sp\u00f3\u0142dzielnie [&hellip;]<\/p>\n","protected":false},"author":1,"featured_media":0,"parent":0,"menu_order":3,"comment_status":"closed","ping_status":"closed","template":"","meta":{"footnotes":""},"class_list":["post-21","page","type-page","status-publish","hentry"],"aioseo_notices":[],"_links":{"self":[{"href":"https:\/\/geodeta-krakow.com.pl\/index.php\/wp-json\/wp\/v2\/pages\/21","targetHints":{"allow":["GET"]}}],"collection":[{"href":"https:\/\/geodeta-krakow.com.pl\/index.php\/wp-json\/wp\/v2\/pages"}],"about":[{"href":"https:\/\/geodeta-krakow.com.pl\/index.php\/wp-json\/wp\/v2\/types\/page"}],"author":[{"embeddable":true,"href":"https:\/\/geodeta-krakow.com.pl\/index.php\/wp-json\/wp\/v2\/users\/1"}],"replies":[{"embeddable":true,"href":"https:\/\/geodeta-krakow.com.pl\/index.php\/wp-json\/wp\/v2\/comments?post=21"}],"version-history":[{"count":3,"href":"https:\/\/geodeta-krakow.com.pl\/index.php\/wp-json\/wp\/v2\/pages\/21\/revisions"}],"predecessor-version":[{"id":41,"href":"https:\/\/geodeta-krakow.com.pl\/index.php\/wp-json\/wp\/v2\/pages\/21\/revisions\/41"}],"wp:attachment":[{"href":"https:\/\/geodeta-krakow.com.pl\/index.php\/wp-json\/wp\/v2\/media?parent=21"}],"curies":[{"name":"wp","href":"https:\/\/api.w.org\/{rel}","templated":true}]}}