{"id":25,"date":"2023-09-18T10:32:46","date_gmt":"2023-09-18T08:32:46","guid":{"rendered":"http:\/\/geodeta-krakow.com.pl\/?page_id=25"},"modified":"2024-03-03T17:01:02","modified_gmt":"2024-03-03T16:01:02","slug":"kontakt","status":"publish","type":"page","link":"https:\/\/geodeta-krakow.com.pl\/index.php\/kontakt\/","title":{"rendered":"Kontakt"},"content":{"rendered":"<h3><span style=\"color: #000000;\"><img loading=\"lazy\" decoding=\"async\" class=\"size-full wp-image-15 aligncenter\" src=\"http:\/\/geodeta-krakow.com.pl\/wp-content\/uploads\/2023\/09\/geopot1.jpg\" alt=\"\" width=\"698\" height=\"265\" srcset=\"https:\/\/geodeta-krakow.com.pl\/wp-content\/uploads\/2023\/09\/geopot1.jpg 698w, https:\/\/geodeta-krakow.com.pl\/wp-content\/uploads\/2023\/09\/geopot1-300x114.jpg 300w\" sizes=\"auto, (max-width: 698px) 100vw, 698px\" \/><\/span><\/h3>\n<h3><\/h3>\n<h3 style=\"text-align: center;\"><span style=\"color: #000000;\"><strong>Us\u0142ugi Geodezyjne Piotr Dusza-Potocki<\/strong><\/span><\/h3>\n<p><img loading=\"lazy\" decoding=\"async\" class=\"size-medium wp-image-36 aligncenter\" src=\"http:\/\/geodeta-krakow.com.pl\/wp-content\/uploads\/2024\/03\/temida-300x184.jpg\" alt=\"\" width=\"300\" height=\"184\" srcset=\"https:\/\/geodeta-krakow.com.pl\/wp-content\/uploads\/2024\/03\/temida-300x184.jpg 300w, https:\/\/geodeta-krakow.com.pl\/wp-content\/uploads\/2024\/03\/temida.jpg 653w\" sizes=\"auto, (max-width: 300px) 100vw, 300px\" \/><\/p>\n<h3 style=\"text-align: center;\"><span style=\"color: #000000;\"><strong>geodeta uprawniony, nr upr. 17165, bieg\u0142y S\u0105du Okr\u0119gowego w Krakowie<\/strong><\/span><\/h3>\n<h3 style=\"text-align: center;\"><span style=\"color: #000000;\"><strong>31-279 Krak\u00f3w, ul. \u0141okietka 57\/6<\/strong><\/span><\/h3>\n<h3 style=\"text-align: center;\"><span style=\"color: #000000;\"><strong>\u00a0<\/strong><\/span><\/h3>\n<h3 style=\"text-align: center;\"><span style=\"color: #800000;\"><strong>\u00a0Kontakt:<\/strong><\/span><\/h3>\n<h3 style=\"text-align: center;\"><span style=\"color: #000000;\"><strong>Tel kom. 606102074<\/strong><\/span><\/h3>\n<h3 style=\"text-align: center;\"><span style=\"color: #000000;\"><strong>Tel. stac. (12)6264701<\/strong><\/span><\/h3>\n<h3 style=\"text-align: center;\"><span style=\"color: #000000;\"><strong>e-mail: <a style=\"color: #000000;\" href=\"mailto:potockipiotr@op.pl\">potockipiotr@op.pl<\/a><\/strong><\/span><\/h3>\n<h3><\/h3>\n<h3><\/h3>\n<p>&nbsp;<\/p>\n<p><center><iframe loading=\"lazy\" style=\"border: 0;\" src=\"https:\/\/www.google.com\/maps\/embed?pb=!1m18!1m12!1m3!1d40956.07607241124!2d19.859705202796174!3d50.090878360353614!2m3!1f0!2f0!3f0!3m2!1i1024!2i768!4f13.1!3m3!1m2!1s0x47165a4e1ccbab8d%3A0xc442cbe919b52443!2sGeodeta%20Krak%C3%B3w%20Dusza-Potocki%20Piotr%20Us%C5%82ugi%20geodezyjne!5e0!3m2!1spl!2spl!4v1695026003150!5m2!1spl!2spl\" width=\"80%\" height=\"450\" allowfullscreen=\"allowfullscreen\"><\/iframe><\/center><\/p>\n","protected":false},"excerpt":{"rendered":"<p>Us\u0142ugi Geodezyjne Piotr Dusza-Potocki geodeta uprawniony, nr upr. 17165, bieg\u0142y S\u0105du Okr\u0119gowego w Krakowie 31-279 Krak\u00f3w, ul. \u0141okietka 57\/6 \u00a0 [&hellip;]<\/p>\n","protected":false},"author":1,"featured_media":0,"parent":0,"menu_order":4,"comment_status":"closed","ping_status":"closed","template":"","meta":{"footnotes":""},"class_list":["post-25","page","type-page","status-publish","hentry"],"aioseo_notices":[],"_links":{"self":[{"href":"https:\/\/geodeta-krakow.com.pl\/index.php\/wp-json\/wp\/v2\/pages\/25","targetHints":{"allow":["GET"]}}],"collection":[{"href":"https:\/\/geodeta-krakow.com.pl\/index.php\/wp-json\/wp\/v2\/pages"}],"about":[{"href":"https:\/\/geodeta-krakow.com.pl\/index.php\/wp-json\/wp\/v2\/types\/page"}],"author":[{"embeddable":true,"href":"https:\/\/geodeta-krakow.com.pl\/index.php\/wp-json\/wp\/v2\/users\/1"}],"replies":[{"embeddable":true,"href":"https:\/\/geodeta-krakow.com.pl\/index.php\/wp-json\/wp\/v2\/comments?post=25"}],"version-history":[{"count":6,"href":"https:\/\/geodeta-krakow.com.pl\/index.php\/wp-json\/wp\/v2\/pages\/25\/revisions"}],"predecessor-version":[{"id":37,"href":"https:\/\/geodeta-krakow.com.pl\/index.php\/wp-json\/wp\/v2\/pages\/25\/revisions\/37"}],"wp:attachment":[{"href":"https:\/\/geodeta-krakow.com.pl\/index.php\/wp-json\/wp\/v2\/media?parent=25"}],"curies":[{"name":"wp","href":"https:\/\/api.w.org\/{rel}","templated":true}]}}